{"id":10,"date":"2021-03-25T22:21:30","date_gmt":"2021-03-25T22:21:30","guid":{"rendered":"http:\/\/bosquesomos.org\/cart\/"},"modified":"2021-05-05T19:46:27","modified_gmt":"2021-05-05T19:46:27","slug":"carrito","status":"publish","type":"page","link":"https:\/\/www.bosquesomos.org\/en\/carrito\/","title":{"rendered":"Carrito"},"content":{"rendered":"<div class=\"wpb-content-wrapper\">\r\n<div class=\"mk-page-section-wrapper\" data-mk-full-width=\"true\" data-mk-full-width-init=\"true\" data-mk-stretch-content=\"true\">\r\n\t<div id=\"page-section-1\" class=\"mk-page-section self-hosted   full_layout full-width-1 js-el js-master-row jupiter-donut-\"    data-intro-effect=\"false\">\r\n\r\n\t\t\t\r\n\t\t\t<div class=\"mk-page-section-inner\">\r\n\t\t\t\t\r\n\r\n\r\n<div class=\"mk-video-color-mask\"><\/div>\r\n\r\n\t\t\t\t\r\n\t\t\t\t\r\n\t\t\t<div class=\"mk-section-preloader js-el\" data-mk-component=\"Preloader\">\r\n\t\t\t<div class=\"mk-section-preloader__icon\"><\/div>\r\n\t\t<\/div>\r\n\t\r\n\t<div class=\"background-layer-holder\">\r\n\t\t<div id=\"background-layer--1\" data-mk-lazyload=\"false\" class=\"background-layer mk-background-stretch none-blend-effect js-el\" data-mk-component=\"Parallax\" data-parallax-config='{\"speed\" : 0.4 }'  data-mk-img-set='{\"landscape\":{\"desktop\":\"https:\/\/www.bosquesomos.org\/wp-content\/uploads\/2021\/03\/slide1-bosque-somos.jpg\",\"tablet\":\"https:\/\/www.bosquesomos.org\/wp-content\/uploads\/2021\/03\/slide1-bosque-somos-1024x768.jpg\",\"mobile\":\"https:\/\/www.bosquesomos.org\/wp-content\/uploads\/2021\/03\/slide1-bosque-somos-736x414.jpg\"},\"responsive\":\"true\"}' >\r\n\t\t\t\t\t\t\t\t\t<div class=\"mk-color-layer\"><\/div>\r\n\t\t<\/div>\r\n\t<\/div>\r\n\r\n\t\t\t<\/div>\r\n\r\n\t\t\t\r\n        <div class=\"page-section-content vc_row-fluid mk-grid\" >\r\n            <div class=\"mk-padding-wrapper wpb_row\">\r\n<div class=\"vc_col-sm-12 wpb_column column_container  jupiter-donut- _ jupiter-donut-height-full\">\r\n\t\r\n<div id=\"padding-3\" class=\"mk-padding-divider jupiter-donut-  jupiter-donut-clearfix\"><\/div>\r\n\r\n<\/div>\r\n<\/div>\r\n            <div class=\"clearboth\"><\/div>\r\n        <\/div>\r\n\r\n\r\n\t\t\t\r\n\t\t\t\r\n\t\t\t\r\n\t\t<div class=\"clearboth\"><\/div>\r\n\t<\/div>\r\n<\/div>\r\n<div class=\"vc_row-full-width vc_clearfix\"><\/div>\r\n\r\n\r\n<div class=\"mk-page-section-wrapper\" data-mk-full-width=\"true\" data-mk-full-width-init=\"true\" data-mk-stretch-content=\"true\">\r\n\t<div id=\"page-section-4\" class=\"mk-page-section self-hosted   full_layout full-width-4 js-el js-master-row jupiter-donut-\"    data-intro-effect=\"false\">\r\n\r\n\t\t\t\r\n\t\t\t<div class=\"mk-page-section-inner\">\r\n\t\t\t\t\r\n\r\n\r\n<div class=\"mk-video-color-mask\"><\/div>\r\n\r\n\t\t\t\t\r\n\t\t\t\t\t\t\t<\/div>\r\n\r\n\t\t\t\r\n        <div class=\"page-section-content vc_row-fluid mk-grid\" >\r\n            <div class=\"mk-padding-wrapper wpb_row\">\r\n<div class=\"vc_col-sm-12 wpb_column column_container  jupiter-donut- _ jupiter-donut-height-full\">\r\n\t\r\n<div id=\"padding-6\" class=\"mk-padding-divider jupiter-donut-  jupiter-donut-clearfix\"><\/div>\r\n\r\n\t<div class=\"vc_custom_1617922653052\">\r\n\r\n<div id=\"text-block-7\" class=\"mk-text-block  jupiter-donut-\">\r\n\r\n\t\r\n\t\n\r\n\t<div class=\"clearboth\"><\/div>\r\n<\/div>\r\n\r\n\t<\/div>\r\n\r\n<div id=\"padding-8\" class=\"mk-padding-divider jupiter-donut-  jupiter-donut-clearfix\"><\/div>\r\n\r\n<\/div>\r\n<\/div>\r\n            <div class=\"clearboth\"><\/div>\r\n        <\/div>\r\n\r\n\r\n\t\t\t\r\n\t\t\t\r\n\t\t\t\r\n\t\t<div class=\"clearboth\"><\/div>\r\n\t<\/div>\r\n<\/div>\r\n<div class=\"vc_row-full-width vc_clearfix\"><\/div>\r\n\r\n\r\n<div class=\"mk-page-section-wrapper\" data-mk-full-width=\"true\" data-mk-full-width-init=\"true\" data-mk-stretch-content=\"true\">\r\n\t<div id=\"page-section-9\" class=\"mk-page-section self-hosted   full_layout full-width-9 js-el js-master-row jupiter-donut-\"    data-intro-effect=\"false\">\r\n\r\n\t\t\t\r\n\t\t\t<div class=\"mk-page-section-inner\">\r\n\t\t\t\t\r\n\r\n\r\n<div class=\"mk-video-color-mask\"><\/div>\r\n\r\n\t\t\t\t\r\n\t\t\t\t\r\n\t\t\t<div class=\"mk-section-preloader js-el\" data-mk-component=\"Preloader\">\r\n\t\t\t<div class=\"mk-section-preloader__icon\"><\/div>\r\n\t\t<\/div>\r\n\t\r\n\t<div class=\"background-layer-holder\">\r\n\t\t<div id=\"background-layer--9\" data-mk-lazyload=\"false\" class=\"background-layer mk-background-stretch none-blend-effect js-el\" data-mk-component=\"Parallax\" data-parallax-config='{\"speed\" : 0.4 }'  data-mk-img-set='{\"landscape\":{\"desktop\":\"https:\/\/www.bosquesomos.org\/wp-content\/uploads\/2021\/04\/bosque-somos-footer-bg.jpg\",\"tablet\":\"https:\/\/www.bosquesomos.org\/wp-content\/uploads\/2021\/04\/bosque-somos-footer-bg-1024x768.jpg\",\"mobile\":\"https:\/\/www.bosquesomos.org\/wp-content\/uploads\/2021\/04\/bosque-somos-footer-bg-736x414.jpg\"},\"responsive\":\"true\"}' >\r\n\t\t\t\t\t\t\t\t\t<div class=\"mk-color-layer\"><\/div>\r\n\t\t<\/div>\r\n\t<\/div>\r\n\r\n\t\t\t<\/div>\r\n\r\n\t\t\t\r\n        <div class=\"page-section-content vc_row-fluid mk-grid\" >\r\n            <div class=\"mk-padding-wrapper wpb_row\">\r\n<div class=\"vc_col-sm-12 wpb_column column_container  jupiter-donut- _ jupiter-donut-height-full\">\r\n\t<div data-parallax=\"{\"y\":-200}\" class=\"mk-image mk-image-11 jupiter-donut-  mk-image-lazyload align-center simple-frame inside-image\" style=\"margin-bottom:10px\"><div class=\"mk-image-container\" style=\"width:100%;\"><div  class=\"mk-image-holder\" style=\"width:100%;\"><div class=\"mk-image-inner is-svg\"><img loading=\"lazy\" decoding=\"async\" class=\"lightbox-false\" alt=\"line-7\" title=\"line-7\" width=\"1\" height=\"150\" src=\"https:\/\/www.bosquesomos.org\/wp-content\/uploads\/2021\/04\/line-7.svg\" style=\"width:100%;\"\/><\/div><\/div><div class=\"clearboth\"><\/div><\/div><\/div>\r\n\r\n<div class=\"wpb_row vc_inner vc_row vc_row-fluid jupiter-donut-   attched-false\">\r\n\t\t\t<div class=\"wpb_column vc_column_container vc_col-sm-3\"><div class=\"vc_column-inner\"><div class=\"wpb_wrapper\"><\/div><\/div><\/div><div class=\"wpb_column vc_column_container vc_col-sm-6\"><div class=\"vc_column-inner\"><div class=\"wpb_wrapper\">\t<div class=\"vc_custom_1617989274685\">\r\n\r\n<div id=\"text-block-12\" class=\"mk-text-block  mk-animate-element top-to-bottom  jupiter-donut-\">\r\n\r\n\t\r\n\t<h2>Be part<\/h2>\n<h1>De este enorme esfuerzo de restauraci\u00f3n forestal<\/h1>\n\r\n\t<div class=\"clearboth\"><\/div>\r\n<\/div>\r\n\r\n\t<\/div>\r\n\r\n\t<div  class=\"wpb_single_image wpb_content_element vc_align_center wpb_content_element wpb_animate_when_almost_visible wpb_slideInDown slideInDown\">\r\n\t\t\r\n\t\t<figure class=\"wpb_wrapper vc_figure\">\r\n\t\t\t<div class=\"vc_single_image-wrapper   vc_box_border_grey\"><img loading=\"lazy\" decoding=\"async\" width=\"55\" height=\"6\" src=\"https:\/\/www.bosquesomos.org\/wp-content\/uploads\/2021\/03\/line-bosque-somos.svg\" class=\"vc_single_image-img attachment-full\" alt=\"\" title=\"line-bosque-somos\" itemprop=\"image\" \/><\/div>\r\n\t\t<\/figure>\r\n\t<\/div>\r\n\t<div class=\"vc_custom_1617989284140\">\r\n\r\n<div id=\"text-block-13\" class=\"mk-text-block  jupiter-donut-\">\r\n\r\n\t\r\n\t<p>We have a goal of maintaining and planting more than 823 hectares of forest in the Monarch Butterfly Biosphere Reserve with the help of the Carpinteros Indigenous community. It's a huge number, but we know we can achieve it with your help.<\/p>\n\r\n\t<div class=\"clearboth\"><\/div>\r\n<\/div>\r\n\r\n\t<\/div>\r\n\r\n<div id=\"padding-14\" class=\"mk-padding-divider jupiter-donut-  jupiter-donut-clearfix\"><\/div>\r\n\r\n\r\n<div id=\"mk-button-15\" class=\"mk-button-container _ jupiter-donut-relative   mk-animate-element fade-in  mk-button--anim-vertical jupiter-donut-block jupiter-donut-text-center\">\r\n\r\n\t\r\n\t\t<a href=\"https:\/\/donaronline.org\/alternare-a-c\/reforestacion-de-la-region-monarca\" target=\"_self\" class=\"mk-button js-smooth-scroll mk-button--dimension-outline mk-button--size-large mk-button--corner-pointed _ jupiter-donut-relative jupiter-donut-text-center jupiter-donut-font-weight-700 jupiter-donut-no-backface  jupiter-donut-letter-spacing-2 jupiter-donut-inline-block\"><i class=\"mk-button--icon\"><svg  class=\"mk-svg-icon\" data-name=\"mk-li-leaf\" data-cacheid=\"icon-69e78a45a9f9c\" style=\" height:16px; width: 16px; \"  xmlns=\"http:\/\/www.w3.org\/2000\/svg\" viewbox=\"0 0 512 512\"><path d=\"M502.525 9.482c-3.426-3.433-8.216-5.073-13.059-4.475-11.833 1.487-291.334 37.69-411.8 145.748-3.188 2.805-6.323 5.686-9.388 8.752-74.613 74.612-78.116 193.767-10.622 272.642l-48.181 48.174c-6.131 6.131-6.131 16.062 0 22.194 3.066 3.065 7.082 4.598 11.097 4.598s8.031-1.533 11.097-4.598l48.173-48.174c36.356 31.176 82.124 48.235 130.535 48.235h.016c53.668 0 104.134-20.907 142.1-58.857 3.057-3.065 5.963-6.207 8.668-9.288 108.134-120.566 144.353-400.059 145.84-411.908.605-4.797-1.05-9.625-4.476-13.043zm-164.838 404.106c-2.376 2.697-4.821 5.364-7.396 7.939-32.027 32.018-74.606 49.66-119.898 49.66h-.008c-40.028 0-77.902-13.825-108.273-39.116l58.305-58.305h158.333c8.668 0 15.695-7.035 15.695-15.695 0-8.675-7.028-15.695-15.695-15.695h-126.941l86.324-86.324 95.551-.015c8.668 0 15.695-7.02 15.695-15.695 0-8.66-7.028-15.695-15.695-15.695l-64.16.015 98.785-98.785c6.131-6.131 6.131-16.062 0-22.194-6.131-6.131-16.063-6.131-22.194 0l-98.754 98.754v-64.099c0-8.66-7.028-15.695-15.695-15.695-8.668 0-15.695 7.035-15.695 15.695v95.49l-86.293 86.293v-126.849c0-8.66-7.027-15.695-15.695-15.695s-15.695 7.035-15.695 15.695v158.24l-58.351 58.351c-55.293-66.566-51.822-165.795 10.522-228.147 2.59-2.59 5.265-5.043 8.062-7.511 95.227-85.404 307.495-124.55 374.322-135.049-10.506 66.827-49.66 279.111-135.156 374.432z\"\/><\/svg><\/i><span class=\"mk-button--text\">\u00a1Adopta un \u00e1rbol!<\/span><span class=\"is-vis-hidden\">\u00a1Adopta un \u00e1rbol!<\/span><\/a>\r\n\r\n\t\r\n<\/div>\r\n<\/div><\/div><\/div><div class=\"wpb_column vc_column_container vc_col-sm-3\"><div class=\"vc_column-inner\"><div class=\"wpb_wrapper\"><\/div><\/div><\/div>\t<\/div>\r\n\r\n<div id=\"padding-16\" class=\"mk-padding-divider jupiter-donut-  jupiter-donut-clearfix\"><\/div>\r\n\r\n\r\n\r\n<div class=\"wpb_row vc_inner vc_row vc_row-fluid jupiter-donut-  add-padding-5 attched-true\">\r\n\t\t\t<div class=\"wpb_column vc_column_container vc_col-sm-3\"><div class=\"vc_column-inner\"><div class=\"wpb_wrapper\">\r\n\t<div  class=\"wpb_single_image wpb_content_element vc_align_left wpb_content_element\">\r\n\t\t\r\n\t\t<figure class=\"wpb_wrapper vc_figure\">\r\n\t\t\t<div class=\"vc_single_image-wrapper   vc_box_border_grey\"><img loading=\"lazy\" decoding=\"async\" width=\"188\" height=\"50\" src=\"https:\/\/www.bosquesomos.org\/wp-content\/uploads\/2021\/03\/logo-bosque-somos.svg\" class=\"vc_single_image-img attachment-full\" alt=\"\" title=\"logo-bosque-somos\" itemprop=\"image\" \/><\/div>\r\n\t\t<\/figure>\r\n\t<\/div>\r\n<\/div><\/div><\/div><div class=\"wpb_column vc_column_container vc_col-sm-3\"><div class=\"vc_column-inner\"><div class=\"wpb_wrapper\">\t<div class=\"vc_custom_1618008226249\">\r\n\r\n<div id=\"text-block-17\" class=\"mk-text-block  jupiter-donut-\">\r\n\r\n\t\r\n\t<h3><span style=\"color: #ffffff;\">Our mission<\/span><\/h3>\n<p>&nbsp;<\/p>\n<p><span style=\"color: #ffffff; font-size: 11px;\">Through BosqueSomos, we want to offer you an alternative to get involved in building a sustainable future and regenerating the ecosystems that host the wonderful migratory phenomenon of the monarch butterfly.<\/span><\/p>\n<p><a href=\"https:\/\/www.bosquesomos.org\/en\/nuestra-historia\/\"><span style=\"color: #ffffff; font-size: 11px;\"><b>&gt; Leer m\u00e1s<\/b><\/span><\/a><\/p>\n\r\n\t<div class=\"clearboth\"><\/div>\r\n<\/div>\r\n\r\n\t<\/div>\r\n<\/div><\/div><\/div><div class=\"wpb_column vc_column_container vc_col-sm-3\"><div class=\"vc_column-inner\"><div class=\"wpb_wrapper\">\t<div class=\"vc_custom_1618341417870\">\r\n\r\n<div id=\"text-block-18\" class=\"mk-text-block  jupiter-donut-\">\r\n\r\n\t\r\n\t<h3><span style=\"color: #ffffff;\">Quick links<\/span><\/h3>\n<p>&nbsp;<\/p>\n<p><span style=\"font-size: 11px; color: #ffffff;\"><a style=\"color: #ffffff;\" href=\"https:\/\/www.bosquesomos.org\/en\/nuestra-historia\/\">Our history<\/a><br \/>\n<a style=\"color: #ffffff;\" href=\"https:\/\/www.bosquesomos.org\/en\/nuestra-historia\/#comunidad-indigena-carpinteros\">Who is the Carpinteros indigenous community?<\/a><br \/>\n<a style=\"color: #ffffff;\" href=\"https:\/\/www.bosquesomos.org\/en\/nuestra-historia\/#reserva-mariposa-monarca\">The Monarch Butterfly Biosphere Reserve<\/a><br \/>\n<a style=\"color: #ffffff;\" href=\"https:\/\/www.bosquesomos.org\/en\/adopta-un-arbol\/\">Adopt a tree<\/a><br \/>\n<a style=\"color: #ffffff;\" href=\"https:\/\/www.bosquesomos.org\/en\/planta-tu-arbol\/\">Plant your tree<\/a><br \/>\n<a style=\"color: #ffffff;\" href=\"https:\/\/www.bosquesomos.org\/en\/bosque-empresarial\/\">Your Business Forest<\/a><br \/>\n<a style=\"color: #ffffff;\" href=\"https:\/\/donaronline.org\/alternare-a-c\/reforestacion-de-la-region-monarca\">Donante recurrente<\/a><br \/>\n<\/span><\/p>\n\r\n\t<div class=\"clearboth\"><\/div>\r\n<\/div>\r\n\r\n\t<\/div>\r\n<\/div><\/div><\/div><div class=\"wpb_column vc_column_container vc_col-sm-3\"><div class=\"vc_column-inner\"><div class=\"wpb_wrapper\">\t<div class=\"vc_custom_1617748148147\">\r\n\r\n<div id=\"text-block-19\" class=\"mk-text-block  jupiter-donut-\">\r\n\r\n\t\r\n\t<h3><span style=\"color: #ffffff;\">Contact us<\/span><\/h3>\n<p>&nbsp;<\/p>\n<p><span style=\"font-size: 11px;\"><span style=\"color: #ffffff;\"><a style=\"color: #ffffff;\" href=\"mailto:contacto@bosquesomos.org\">contacto@bosquesomos.org<\/a><\/span><br \/>\n<\/span><\/p>\n\r\n\t<div class=\"clearboth\"><\/div>\r\n<\/div>\r\n\r\n\t<\/div>\r\n\t<div class=\"vc_custom_1620243984792\">\r\n\r\n<div id=\"text-block-20\" class=\"mk-text-block  jupiter-donut-\">\r\n\r\n\t\r\n\t<p><a href=\"https:\/\/www.facebook.com\/alternare.ac\/\" target=\"_blank\" rel=\"noopener\"><img decoding=\"async\" class=\"social-contact\" src=\"http:\/\/bosquesomos.org\/wp-content\/uploads\/2021\/04\/facebook.svg\" \/><\/a> <a href=\"https:\/\/twitter.com\/AAlternare?lang=es\" target=\"_blank\" rel=\"noopener\"><img decoding=\"async\" class=\"social-contact\" src=\"http:\/\/bosquesomos.org\/wp-content\/uploads\/2021\/04\/twitter.svg\" \/><\/a> <a href=\"https:\/\/www.instagram.com\/alternareac\/\" target=\"_blank\" rel=\"noopener\"><img decoding=\"async\" class=\"social-contact\" src=\"http:\/\/bosquesomos.org\/wp-content\/uploads\/2021\/04\/instagram.svg\" \/><\/a><\/p>\n\r\n\t<div class=\"clearboth\"><\/div>\r\n<\/div>\r\n\r\n\t<\/div>\r\n<\/div><\/div><\/div>\t<\/div>\r\n\r\n<div id=\"padding-21\" class=\"mk-padding-divider jupiter-donut-  jupiter-donut-clearfix\"><\/div>\r\n\r\n\r\n<div id=\"padding-22\" class=\"mk-padding-divider jupiter-donut-  jupiter-donut-clearfix\"><\/div>\r\n\r\n\t<div class=\"vc_custom_1617748313853\">\r\n\r\n<div id=\"text-block-23\" class=\"mk-text-block  jupiter-donut-\">\r\n\r\n\t\r\n\t<p style=\"text-align: center;\"><span style=\"color: #ffffff; font-size: 11px;\">All rights reserved \u00a9 2021 <b>Bosque Somos<\/b><\/span><\/p>\n\r\n\t<div class=\"clearboth\"><\/div>\r\n<\/div>\r\n\r\n\t<\/div>\r\n<\/div>\r\n<\/div>\r\n            <div class=\"clearboth\"><\/div>\r\n        <\/div>\r\n\r\n\r\n\t\t\t\r\n\t\t\t\r\n\t\t\t\r\n\t\t<div class=\"clearboth\"><\/div>\r\n\t<\/div>\r\n<\/div>\r\n<div class=\"vc_row-full-width vc_clearfix\"><\/div>\r\n\r\n\n<\/div>","protected":false},"excerpt":{"rendered":"Forma parte De este enorme esfuerzo de restauraci\u00f3n forestal Tenemos la meta de mantener y plantar m\u00e1s de 823 hect\u00e1reas de bosque en la Reserva dela Biosfera Mariposa Monarca de la mano de la comunidad ind\u00edgena Carpinteros. Es un n\u00famero enorme, pero sabemos que podemos lograrlo con tu ayuda. \u00a1Adopta un \u00e1rbol!\u00a1Adopta un \u00e1rbol! Nuestra [...]","protected":false},"author":1,"featured_media":0,"parent":0,"menu_order":0,"comment_status":"closed","ping_status":"closed","template":"","meta":{"_acf_changed":false,"inline_featured_image":false,"footnotes":""},"class_list":["post-10","page","type-page","status-publish","hentry"],"acf":[],"_links":{"self":[{"href":"https:\/\/www.bosquesomos.org\/en\/wp-json\/wp\/v2\/pages\/10","targetHints":{"allow":["GET"]}}],"collection":[{"href":"https:\/\/www.bosquesomos.org\/en\/wp-json\/wp\/v2\/pages"}],"about":[{"href":"https:\/\/www.bosquesomos.org\/en\/wp-json\/wp\/v2\/types\/page"}],"author":[{"embeddable":true,"href":"https:\/\/www.bosquesomos.org\/en\/wp-json\/wp\/v2\/users\/1"}],"replies":[{"embeddable":true,"href":"https:\/\/www.bosquesomos.org\/en\/wp-json\/wp\/v2\/comments?post=10"}],"version-history":[{"count":5,"href":"https:\/\/www.bosquesomos.org\/en\/wp-json\/wp\/v2\/pages\/10\/revisions"}],"predecessor-version":[{"id":144,"href":"https:\/\/www.bosquesomos.org\/en\/wp-json\/wp\/v2\/pages\/10\/revisions\/144"}],"wp:attachment":[{"href":"https:\/\/www.bosquesomos.org\/en\/wp-json\/wp\/v2\/media?parent=10"}],"curies":[{"name":"wp","href":"https:\/\/api.w.org\/{rel}","templated":true}]}}